{"id":1010,"date":"2013-03-06T14:38:52","date_gmt":"2013-03-06T12:38:52","guid":{"rendered":"http:\/\/www.zudro.sk\/?page_id=1010"},"modified":"2016-06-21T09:57:31","modified_gmt":"2016-06-21T07:57:31","slug":"basav-more-basav","status":"publish","type":"page","link":"http:\/\/stare.zudro.sk\/?page_id=1010","title":{"rendered":"Ba\u0161av, more, ba\u0161av"},"content":{"rendered":"<h3>Ba\u0161av, more, ba\u0161av. Zahraj, chlap\u010de, zahraj. O pies\u0148ach slovensk\u00fdch R\u00f3mov.<\/h3>\n<p><a href=\"http:\/\/www.zudro.sk\/wp-content\/uploads\/2013\/03\/Basav_more_basav.jpg\"><img decoding=\"async\" loading=\"lazy\" class=\"alignleft size-medium wp-image-1013\" style=\"margin-right: 10px;\" src=\"http:\/\/www.zudro.sk\/wp-content\/uploads\/2013\/03\/Basav_more_basav-217x300.jpg\" alt=\"Basav_more_basav\" width=\"217\" height=\"300\" srcset=\"http:\/\/stare.zudro.sk\/wp-content\/uploads\/2013\/03\/Basav_more_basav-217x300.jpg 217w, http:\/\/stare.zudro.sk\/wp-content\/uploads\/2013\/03\/Basav_more_basav-743x1024.jpg 743w, http:\/\/stare.zudro.sk\/wp-content\/uploads\/2013\/03\/Basav_more_basav.jpg 1675w\" sizes=\"(max-width: 217px) 100vw, 217px\" \/><\/a><\/p>\n<p><em>Odborn\u00e1 monografia\u00a0pribli\u017euje \u017eivot r\u00f3mskych piesn\u00ed v\u00a0historickom priereze aj v\u00a0s\u00fa\u010dasnom obdob\u00ed na \u00fazem\u00ed Slovenska. Jadro pr\u00e1ce odha\u013euje skryt\u00fa podobu piesn\u00ed v\u00a0int\u00edmnom prostred\u00ed r\u00f3mskych rod\u00edn a\u00a0men\u0161\u00edch r\u00f3mskych komun\u00edt.\u00a0 Najd\u00f4le\u017eitej\u0161\u00edm zdrojom inform\u00e1ci\u00ed boli vlastn\u00e9 ter\u00e9nne v\u00fdskumy autorky v\u00a080 r\u00f3mskych lokalit\u00e1ch.<\/em><\/p>\n<p>Autorka: Jana Beli\u0161ov\u00e1<br \/>\nVydavate\u013e: \u017dudro<br \/>\nRok vydania: 2012<br \/>\nPo\u010det str\u00e1n: 232<br \/>\nJazyk: slovensk\u00fd<br \/>\nV\u00e4zba: m\u00e4kk\u00e1 v\u00e4zba \/ paperback<br \/>\nISBN: 978-80-970748-1-4<\/p>\n<p>&nbsp;<\/p>\n<p>&nbsp;<\/p>\n<p>&nbsp;<\/p>\n<p><a href=\"http:\/\/www.zudro.sk\/wp-content\/uploads\/2013\/03\/Basav_more_basav-Z.jpg\"><img decoding=\"async\" loading=\"lazy\" class=\"alignleft size-medium wp-image-1024\" src=\"http:\/\/www.zudro.sk\/wp-content\/uploads\/2013\/03\/Basav_more_basav-Z-216x300.jpg\" alt=\"Basav_more_basav-Z\" width=\"216\" height=\"300\" srcset=\"http:\/\/stare.zudro.sk\/wp-content\/uploads\/2013\/03\/Basav_more_basav-Z-216x300.jpg 216w, http:\/\/stare.zudro.sk\/wp-content\/uploads\/2013\/03\/Basav_more_basav-Z-738x1024.jpg 738w, http:\/\/stare.zudro.sk\/wp-content\/uploads\/2013\/03\/Basav_more_basav-Z.jpg 1664w\" sizes=\"(max-width: 216px) 100vw, 216px\" \/><\/a><\/p>\n<p>&nbsp;<\/p>\n","protected":false},"excerpt":{"rendered":"<p>Ba\u0161av, more, ba\u0161av. Zahraj, chlap\u010de, zahraj. O pies\u0148ach slovensk\u00fdch R\u00f3mov. Odborn\u00e1 monografia\u00a0pribli\u017euje \u017eivot r\u00f3mskych piesn\u00ed v\u00a0historickom priereze aj v\u00a0s\u00fa\u010dasnom obdob\u00ed na \u00fazem\u00ed Slovenska. Jadro pr\u00e1ce odha\u013euje skryt\u00fa podobu piesn\u00ed v\u00a0int\u00edmnom prostred\u00ed r\u00f3mskych rod\u00edn a\u00a0men\u0161\u00edch r\u00f3mskych komun\u00edt.\u00a0 Najd\u00f4le\u017eitej\u0161\u00edm zdrojom inform\u00e1ci\u00ed boli vlastn\u00e9 ter\u00e9nne v\u00fdskumy autorky v\u00a080 r\u00f3mskych lokalit\u00e1ch. Autorka: Jana Beli\u0161ov\u00e1 Vydavate\u013e: \u017dudro Rok vydania: 2012 [&hellip;]<\/p>\n","protected":false},"author":1,"featured_media":0,"parent":0,"menu_order":0,"comment_status":"closed","ping_status":"closed","template":"","meta":[],"_links":{"self":[{"href":"http:\/\/stare.zudro.sk\/index.php?rest_route=\/wp\/v2\/pages\/1010"}],"collection":[{"href":"http:\/\/stare.zudro.sk\/index.php?rest_route=\/wp\/v2\/pages"}],"about":[{"href":"http:\/\/stare.zudro.sk\/index.php?rest_route=\/wp\/v2\/types\/page"}],"author":[{"embeddable":true,"href":"http:\/\/stare.zudro.sk\/index.php?rest_route=\/wp\/v2\/users\/1"}],"replies":[{"embeddable":true,"href":"http:\/\/stare.zudro.sk\/index.php?rest_route=%2Fwp%2Fv2%2Fcomments&post=1010"}],"version-history":[{"count":8,"href":"http:\/\/stare.zudro.sk\/index.php?rest_route=\/wp\/v2\/pages\/1010\/revisions"}],"predecessor-version":[{"id":1186,"href":"http:\/\/stare.zudro.sk\/index.php?rest_route=\/wp\/v2\/pages\/1010\/revisions\/1186"}],"wp:attachment":[{"href":"http:\/\/stare.zudro.sk\/index.php?rest_route=%2Fwp%2Fv2%2Fmedia&parent=1010"}],"curies":[{"name":"wp","href":"https:\/\/api.w.org\/{rel}","templated":true}]}}