{"id":1183,"date":"2016-06-21T10:31:58","date_gmt":"2016-06-21T08:31:58","guid":{"rendered":"http:\/\/www.zudro.sk\/?page_id=1183"},"modified":"2016-06-21T12:46:25","modified_gmt":"2016-06-21T10:46:25","slug":"sun-devla-sun-tu-man","status":"publish","type":"page","link":"http:\/\/stare.zudro.sk\/?page_id=1183","title":{"rendered":"\u0160un, Devla, \u0161un tu man"},"content":{"rendered":"<p><strong>\u0160un, Devla, \u0161un tu man. Po\u010d\u00favaj ma, Bo\u017ee, po\u010d\u00favaj.<\/strong><\/p>\n<p><img decoding=\"async\" loading=\"lazy\" class=\"alignleft size-medium wp-image-1188\" src=\"http:\/\/www.zudro.sk\/wp-content\/uploads\/2016\/06\/Sken_sun-devla-226x300.jpg\" alt=\"Sun Devla\" width=\"226\" height=\"300\" srcset=\"http:\/\/stare.zudro.sk\/wp-content\/uploads\/2016\/06\/Sken_sun-devla-226x300.jpg 226w, http:\/\/stare.zudro.sk\/wp-content\/uploads\/2016\/06\/Sken_sun-devla-768x1020.jpg 768w, http:\/\/stare.zudro.sk\/wp-content\/uploads\/2016\/06\/Sken_sun-devla-771x1024.jpg 771w\" sizes=\"(max-width: 226px) 100vw, 226px\" \/><em>Publik\u00e1cia prin\u00e1\u0161a 115 r\u00f3mskych kres\u0165ansk\u00fdch piesn\u00ed, notov\u00fa transkripciu mel\u00f3di\u00ed, texty v\u00a0r\u00f3mskom jazyku,\u00a0preklad do slovensk\u00e9ho jazyka, rovnako aj v\u00fdpovede o\u00a0tom, ako viera v\u00a0Boha zmenila \u017eivoty interpretov, ako sa dostali k\u00a0hudbe, ako sa u\u010dia piesne a ako vznikaj\u00fa nov\u00e9. Kniha je ur\u010den\u00e1 \u0161irokej verejnosti, notov\u00e9 z\u00e1znamy s\u00fa prisp\u00f4soben\u00e9 vyu\u017eitiu v\u00a0praxi.<\/em><\/p>\n<p>Autorka: Jana Beli\u0161ov\u00e1<br \/>\nVydavate\u013e: \u00dastav hudobnej vedy SAV a\u00a0\u017dudro<br \/>\nRok vydania: 2015<br \/>\nPo\u010det str\u00e1n: 168<br \/>\nJazyk: slovensk\u00fd, r\u00f3msky<br \/>\nV\u00e4zba: m\u00e4kk\u00e1 \/ paperback<br \/>\nISBN: 9788097074838<\/p>\n<p>&nbsp;<\/p>\n","protected":false},"excerpt":{"rendered":"<p>\u0160un, Devla, \u0161un tu man. Po\u010d\u00favaj ma, Bo\u017ee, po\u010d\u00favaj. Publik\u00e1cia prin\u00e1\u0161a 115 r\u00f3mskych kres\u0165ansk\u00fdch piesn\u00ed, notov\u00fa transkripciu mel\u00f3di\u00ed, texty v\u00a0r\u00f3mskom jazyku,\u00a0preklad do slovensk\u00e9ho jazyka, rovnako aj v\u00fdpovede o\u00a0tom, ako viera v\u00a0Boha zmenila \u017eivoty interpretov, ako sa dostali k\u00a0hudbe, ako sa u\u010dia piesne a ako vznikaj\u00fa nov\u00e9. Kniha je ur\u010den\u00e1 \u0161irokej verejnosti, notov\u00e9 z\u00e1znamy s\u00fa prisp\u00f4soben\u00e9 [&hellip;]<\/p>\n","protected":false},"author":1,"featured_media":0,"parent":0,"menu_order":0,"comment_status":"closed","ping_status":"closed","template":"","meta":[],"_links":{"self":[{"href":"http:\/\/stare.zudro.sk\/index.php?rest_route=\/wp\/v2\/pages\/1183"}],"collection":[{"href":"http:\/\/stare.zudro.sk\/index.php?rest_route=\/wp\/v2\/pages"}],"about":[{"href":"http:\/\/stare.zudro.sk\/index.php?rest_route=\/wp\/v2\/types\/page"}],"author":[{"embeddable":true,"href":"http:\/\/stare.zudro.sk\/index.php?rest_route=\/wp\/v2\/users\/1"}],"replies":[{"embeddable":true,"href":"http:\/\/stare.zudro.sk\/index.php?rest_route=%2Fwp%2Fv2%2Fcomments&post=1183"}],"version-history":[{"count":2,"href":"http:\/\/stare.zudro.sk\/index.php?rest_route=\/wp\/v2\/pages\/1183\/revisions"}],"predecessor-version":[{"id":1200,"href":"http:\/\/stare.zudro.sk\/index.php?rest_route=\/wp\/v2\/pages\/1183\/revisions\/1200"}],"wp:attachment":[{"href":"http:\/\/stare.zudro.sk\/index.php?rest_route=%2Fwp%2Fv2%2Fmedia&parent=1183"}],"curies":[{"name":"wp","href":"https:\/\/api.w.org\/{rel}","templated":true}]}}