{"id":1192,"date":"2016-06-21T10:34:39","date_gmt":"2016-06-21T08:34:39","guid":{"rendered":"http:\/\/www.zudro.sk\/?page_id=1192"},"modified":"2017-10-09T23:49:03","modified_gmt":"2017-10-09T21:49:03","slug":"o-del-dzivel","status":"publish","type":"page","link":"http:\/\/stare.zudro.sk\/?page_id=1192","title":{"rendered":"O Del d\u017eivel"},"content":{"rendered":"<p><strong>O\u00a0Del d\u017eivel. Boh \u017eije. Kres\u0165ansk\u00e9 piesne R\u00f3mov na Slovensku<\/strong><\/p>\n<p><img decoding=\"async\" loading=\"lazy\" class=\"alignleft size-medium wp-image-1187\" src=\"http:\/\/www.zudro.sk\/wp-content\/uploads\/2016\/06\/Sken_20160602-207x300.jpg\" alt=\"O Del dzivel\" width=\"207\" height=\"300\" srcset=\"http:\/\/stare.zudro.sk\/wp-content\/uploads\/2016\/06\/Sken_20160602-207x300.jpg 207w, http:\/\/stare.zudro.sk\/wp-content\/uploads\/2016\/06\/Sken_20160602-768x1112.jpg 768w, http:\/\/stare.zudro.sk\/wp-content\/uploads\/2016\/06\/Sken_20160602-707x1024.jpg 707w, http:\/\/stare.zudro.sk\/wp-content\/uploads\/2016\/06\/Sken_20160602.jpg 1927w\" sizes=\"(max-width: 207px) 100vw, 207px\" \/><\/p>\n<p><em>Vedeck\u00e1 monografia obsahuje dve \u0161t\u00fadie. Zuzana Moj\u017ei\u0161ov\u00e1 sa venuje \u013eudsk\u00fdm pr\u00edbehom a\u00a0rozpr\u00e1vaniam, ktor\u00e9 boli nahr\u00e1van\u00e9 po\u010das ter\u00e9nnych v\u00fdskumov. \u0160t\u00fadia Jany Beli\u0161ovej obsahuje anal\u00fdzu textov a\u00a0n\u00e1pevov piesn\u00ed, ich \u017eivot a\u00a0miesto v\u00a0n\u00e1bo\u017eenskom \u017eivote R\u00f3mov i\u00a0vo v\u0161edn\u00fdch d\u0148och. Pies\u0148ov\u00e1 pr\u00edloha obsahuje v\u00fdber 70 r\u00f3mskych piesn\u00ed s\u00a0kres\u0165anskou tematikou transkribovan\u00fdch na jednotn\u00fd fin\u00e1lny t\u00f3n g1. \u00a0<\/em><\/p>\n<p>Autorky: Jana Beli\u0161ov\u00e1, Zuzana Moj\u017ei\u0161ov\u00e1<br \/>\nVydavate\u013e: \u00dastav hudobnej vedy SAV a\u00a0\u017dudro<br \/>\nRok vydania: 2014<br \/>\nPo\u010det str\u00e1n: 204<br \/>\nJazyk: slovensk\u00fd, r\u00f3msky<br \/>\nV\u00e4zba: m\u00e4kk\u00e1 \/ paperback<br \/>\nISBN: 9788097074821<\/p>\n","protected":false},"excerpt":{"rendered":"<p>O\u00a0Del d\u017eivel. Boh \u017eije. Kres\u0165ansk\u00e9 piesne R\u00f3mov na Slovensku Vedeck\u00e1 monografia obsahuje dve \u0161t\u00fadie. Zuzana Moj\u017ei\u0161ov\u00e1 sa venuje \u013eudsk\u00fdm pr\u00edbehom a\u00a0rozpr\u00e1vaniam, ktor\u00e9 boli nahr\u00e1van\u00e9 po\u010das ter\u00e9nnych v\u00fdskumov. \u0160t\u00fadia Jany Beli\u0161ovej obsahuje anal\u00fdzu textov a\u00a0n\u00e1pevov piesn\u00ed, ich \u017eivot a\u00a0miesto v\u00a0n\u00e1bo\u017eenskom \u017eivote R\u00f3mov i\u00a0vo v\u0161edn\u00fdch d\u0148och. Pies\u0148ov\u00e1 pr\u00edloha obsahuje v\u00fdber 70 r\u00f3mskych piesn\u00ed s\u00a0kres\u0165anskou tematikou transkribovan\u00fdch na [&hellip;]<\/p>\n","protected":false},"author":1,"featured_media":0,"parent":0,"menu_order":0,"comment_status":"closed","ping_status":"closed","template":"","meta":[],"_links":{"self":[{"href":"http:\/\/stare.zudro.sk\/index.php?rest_route=\/wp\/v2\/pages\/1192"}],"collection":[{"href":"http:\/\/stare.zudro.sk\/index.php?rest_route=\/wp\/v2\/pages"}],"about":[{"href":"http:\/\/stare.zudro.sk\/index.php?rest_route=\/wp\/v2\/types\/page"}],"author":[{"embeddable":true,"href":"http:\/\/stare.zudro.sk\/index.php?rest_route=\/wp\/v2\/users\/1"}],"replies":[{"embeddable":true,"href":"http:\/\/stare.zudro.sk\/index.php?rest_route=%2Fwp%2Fv2%2Fcomments&post=1192"}],"version-history":[{"count":2,"href":"http:\/\/stare.zudro.sk\/index.php?rest_route=\/wp\/v2\/pages\/1192\/revisions"}],"predecessor-version":[{"id":1315,"href":"http:\/\/stare.zudro.sk\/index.php?rest_route=\/wp\/v2\/pages\/1192\/revisions\/1315"}],"wp:attachment":[{"href":"http:\/\/stare.zudro.sk\/index.php?rest_route=%2Fwp%2Fv2%2Fmedia&parent=1192"}],"curies":[{"name":"wp","href":"https:\/\/api.w.org\/{rel}","templated":true}]}}