{"id":124,"date":"2010-07-13T12:03:40","date_gmt":"2010-07-13T10:03:40","guid":{"rendered":"http:\/\/127.0.0.1\/Zudro\/?page_id=124"},"modified":"2022-06-01T09:42:49","modified_gmt":"2022-06-01T07:42:49","slug":"partneri","status":"publish","type":"page","link":"http:\/\/stare.zudro.sk\/?page_id=124","title":{"rendered":"Partneri"},"content":{"rendered":"<h3>Podporili n\u00e1s:<\/h3>\n<p>Projekt E zbierka\u00a0<\/p>\n<p><a href=\"http:\/\/www.fpu.sk\"><img decoding=\"async\" loading=\"lazy\" class=\"alignleft wp-image-1960 size-thumbnail\" src=\"http:\/\/www.zudro.sk\/wp-content\/uploads\/2022\/06\/fpu-150x150.png\" alt=\"\" width=\"150\" height=\"150\" \/><\/a><\/p>\n<p>Projekt z verejn\u00fdch zdrojov podporil Fond na podporu umenia.<\/p>\n<p>Podporen\u00e9 grantom VEGA 1\/0015\/19.<\/p>\n<p>\u00a0<\/p>\n<p>\u00a0<\/p>\n<p>\u00a0<\/p>\n<p>\u00a0<\/p>\n<p>Nad\u00e1cia mesta Bratislavy podporila redizajn webovej str\u00e1nky a vznik <a href=\"https:\/\/www.facebook.com\/OZZudro\">facebookovej str\u00e1nky<\/a>.<\/p>\n<p><a href=\"https:\/\/bratislava.sk\/sk\/nadacia-mesta-bratislavy\"><img decoding=\"async\" loading=\"lazy\" class=\"alignnone wp-image-1891 size-thumbnail\" src=\"http:\/\/www.zudro.sk\/wp-content\/uploads\/2021\/12\/logoBA_1-colour_centr_neg-150x150.jpg\" alt=\"\" width=\"150\" height=\"150\" \/><\/a><\/p>\n<p>\u00a0<\/p>\n<p>Projekt Angrusori<\/p>\n<p><a href=\"https:\/\/eeagrants.org\"><img decoding=\"async\" loading=\"lazy\" class=\"alignleft size-thumbnail wp-image-1915\" src=\"http:\/\/www.zudro.sk\/wp-content\/uploads\/2022\/01\/EEA-150x150.png\" alt=\"\" width=\"150\" height=\"150\" \/><\/a><\/p>\n<p>\u00a0<a href=\"http:\/\/www.fpu.sk\"><img decoding=\"async\" loading=\"lazy\" class=\"alignleft wp-image-1960 size-thumbnail\" src=\"http:\/\/www.zudro.sk\/wp-content\/uploads\/2022\/06\/fpu-150x150.png\" alt=\"\" width=\"150\" height=\"150\" \/><\/a><a href=\"https:\/\/www.nadaciaspp.sk\"><img decoding=\"async\" loading=\"lazy\" class=\"alignleft wp-image-1967 size-thumbnail\" src=\"http:\/\/www.zudro.sk\/wp-content\/uploads\/2022\/06\/NadaciaSPP-150x150.jpg\" alt=\"\" width=\"150\" height=\"150\" srcset=\"http:\/\/stare.zudro.sk\/wp-content\/uploads\/2022\/06\/NadaciaSPP-150x150.jpg 150w, http:\/\/stare.zudro.sk\/wp-content\/uploads\/2022\/06\/NadaciaSPP-300x300.jpg 300w, http:\/\/stare.zudro.sk\/wp-content\/uploads\/2022\/06\/NadaciaSPP-768x768.jpg 768w, http:\/\/stare.zudro.sk\/wp-content\/uploads\/2022\/06\/NadaciaSPP.jpg 882w\" sizes=\"(max-width: 150px) 100vw, 150px\" \/><\/a><\/p>\n<p>\u00a0<\/p>\n<p>\u00a0<\/p>\n<p>\u00a0<\/p>\n<p>\u00a0<\/p>\n<p>\u00a0<\/p>\n<p>Projekt afterPhurikane<\/p>\n<p><a href=\"http:\/\/www.culture.gov.sk\/\"><img decoding=\"async\" loading=\"lazy\" title=\"MK SR logo\" src=\"http:\/\/www.zudro.sk\/wp-content\/uploads\/2007\/12\/logo_a_ministerstvo.jpg\" alt=\"\" width=\"158\" height=\"122\" \/><\/a>\u00a0 \u00a0 \u00a0 \u00a0<a href=\"http:\/\/www.cef.sk\/\"><img decoding=\"async\" loading=\"lazy\" title=\"CEF logo\" src=\"http:\/\/www.zudro.sk\/wp-content\/uploads\/2007\/12\/cef-mini-logo.jpg\" alt=\"\" width=\"160\" height=\"122\" \/><\/a>\u00a0 \u00a0 \u00a0\u00a0<a href=\"http:\/\/www.slovnaft.sk\/\"><img decoding=\"async\" loading=\"lazy\" title=\"Slovnaft logo\" src=\"http:\/\/www.zudro.sk\/wp-content\/uploads\/2007\/12\/slovnaft-black.jpg\" alt=\"\" width=\"94\" height=\"122\" \/><\/a><\/p>\n<p><img decoding=\"async\" loading=\"lazy\" class=\"alignleft size-full wp-image-793\" title=\"APVV\" src=\"http:\/\/www.zudro.sk\/wp-content\/uploads\/2012\/04\/APVV.jpg\" alt=\"\" width=\"241\" height=\"91\" \/><\/p>\n<h3>\u00a0<\/h3>\n<h3>\u00a0<\/h3>\n<p>\u00a0<\/p>\n<h3>\u00a0<\/h3>\n<h3>\u00a0<\/h3>\n<h3>Kamar\u00e1ti:<\/h3>\n<p><a href=\"http:\/\/www.ciganskybasavel.sk\/\"><img decoding=\"async\" loading=\"lazy\" class=\"alignleft  wp-image-1051\" style=\"margin-top: 10px; margin-bottom: 10px;\" src=\"http:\/\/www.zudro.sk\/wp-content\/uploads\/2013\/08\/image-1024x576.jpg\" alt=\"CiganskyBasavel2013\" width=\"473\" height=\"266\" srcset=\"http:\/\/stare.zudro.sk\/wp-content\/uploads\/2013\/08\/image-1024x576.jpg 1024w, http:\/\/stare.zudro.sk\/wp-content\/uploads\/2013\/08\/image-300x168.jpg 300w, http:\/\/stare.zudro.sk\/wp-content\/uploads\/2013\/08\/image.jpg 1600w\" sizes=\"(max-width: 473px) 100vw, 473px\" \/><\/a><\/p>\n<p>\u00a0<\/p>\n<p><a href=\"http:\/\/www.gipsy.sk\"><img decoding=\"async\" loading=\"lazy\" class=\"alignnone size-full wp-image-51\" title=\"Gipsy.sk\" src=\"http:\/\/www.zudro.sk\/wp-content\/uploads\/2008\/09\/gipsy-velky.jpg\" alt=\"\" width=\"468\" height=\"60\" srcset=\"http:\/\/stare.zudro.sk\/wp-content\/uploads\/2008\/09\/gipsy-velky.jpg 468w, http:\/\/stare.zudro.sk\/wp-content\/uploads\/2008\/09\/gipsy-velky-300x38.jpg 300w\" sizes=\"(max-width: 468px) 100vw, 468px\" \/><\/a><\/p>\n\n\n<figure class=\"wp-block-image\"><img alt=\"\"\/><\/figure>\n\n\n\n<figure class=\"wp-block-image\"><img alt=\"\"\/><\/figure>\n\n\n\n<figure class=\"wp-block-image\"><img alt=\"\"\/><\/figure>\n\n\n\n<figure class=\"wp-block-image\"><img alt=\"\"\/><\/figure>\n\n\n\n<figure class=\"wp-block-image\"><img alt=\"\"\/><\/figure>\n","protected":false},"excerpt":{"rendered":"<p>Podporili n\u00e1s: Projekt E zbierka\u00a0 Projekt z verejn\u00fdch zdrojov podporil Fond na podporu umenia. Podporen\u00e9 grantom VEGA 1\/0015\/19. \u00a0 \u00a0 \u00a0 \u00a0 Nad\u00e1cia mesta Bratislavy podporila redizajn webovej str\u00e1nky a vznik facebookovej str\u00e1nky. \u00a0 Projekt Angrusori \u00a0 \u00a0 \u00a0 \u00a0 \u00a0 \u00a0 Projekt afterPhurikane \u00a0 \u00a0 \u00a0 \u00a0\u00a0 \u00a0 \u00a0\u00a0 \u00a0 \u00a0 \u00a0 \u00a0 \u00a0 [&hellip;]<\/p>\n","protected":false},"author":1,"featured_media":0,"parent":0,"menu_order":0,"comment_status":"closed","ping_status":"open","template":"","meta":[],"_links":{"self":[{"href":"http:\/\/stare.zudro.sk\/index.php?rest_route=\/wp\/v2\/pages\/124"}],"collection":[{"href":"http:\/\/stare.zudro.sk\/index.php?rest_route=\/wp\/v2\/pages"}],"about":[{"href":"http:\/\/stare.zudro.sk\/index.php?rest_route=\/wp\/v2\/types\/page"}],"author":[{"embeddable":true,"href":"http:\/\/stare.zudro.sk\/index.php?rest_route=\/wp\/v2\/users\/1"}],"replies":[{"embeddable":true,"href":"http:\/\/stare.zudro.sk\/index.php?rest_route=%2Fwp%2Fv2%2Fcomments&post=124"}],"version-history":[{"count":42,"href":"http:\/\/stare.zudro.sk\/index.php?rest_route=\/wp\/v2\/pages\/124\/revisions"}],"predecessor-version":[{"id":1972,"href":"http:\/\/stare.zudro.sk\/index.php?rest_route=\/wp\/v2\/pages\/124\/revisions\/1972"}],"wp:attachment":[{"href":"http:\/\/stare.zudro.sk\/index.php?rest_route=%2Fwp%2Fv2%2Fmedia&parent=124"}],"curies":[{"name":"wp","href":"https:\/\/api.w.org\/{rel}","templated":true}]}}