{"id":1366,"date":"2018-01-24T01:34:52","date_gmt":"2018-01-23T23:34:52","guid":{"rendered":"http:\/\/www.zudro.sk\/?page_id=1366"},"modified":"2025-01-24T02:06:31","modified_gmt":"2025-01-24T00:06:31","slug":"heavy-heart","status":"publish","type":"page","link":"http:\/\/stare.zudro.sk\/?page_id=1366","title":{"rendered":"Heavy Heart"},"content":{"rendered":"<p><img decoding=\"async\" loading=\"lazy\" class=\"alignleft wp-image-1358\" src=\"http:\/\/www.zudro.sk\/wp-content\/uploads\/2018\/01\/005a4385-a50f-11e7-9a4b-000c29a578f8-300x169.jpg\" alt=\"\" width=\"376\" height=\"212\" srcset=\"http:\/\/stare.zudro.sk\/wp-content\/uploads\/2018\/01\/005a4385-a50f-11e7-9a4b-000c29a578f8-300x169.jpg 300w, http:\/\/stare.zudro.sk\/wp-content\/uploads\/2018\/01\/005a4385-a50f-11e7-9a4b-000c29a578f8.jpg 635w\" sizes=\"(max-width: 376px) 100vw, 376px\" \/>Script, cinematography, direction: Marek \u0160ul\u00edk<br \/>\nTheme: Marek \u0160ul\u00edk, Jana Beli\u0161ov\u00e1, Zuzana Moj\u017ei\u0161ov\u00e1<br \/>\nSound mixing: Richard F\u0171lek, Martin Merc<br \/>\nEditor: Marek \u0160ul\u00edk, Peter Kotrha<br \/>\nDramaturgy: Zuzana Moj\u017ei\u0161ov\u00e1<br \/>\nPlayed and sung by: Gizela \u010conkov\u00e1, Ter\u00e9zia Polho\u0161ov\u00e1, Viera Mi\u017eigarov\u00e1, Tom\u00e1\u0161 Mi\u017eigar, Adri\u00e1n Mi\u017eigar Peter Mi\u017eigar, Marko Mi\u017eigar, Tom\u00e1\u0161 Durk\u00e1\u010d, Val\u00e9ria Mi\u0161alkov\u00e1, Anna Mi\u017eigarov\u00e1, Artur Mi\u0161alko, Gust\u00e1v Dunka, Erik Dunka, Svetlana Bandiov\u00e1, Al\u017ebeta \u017digov\u00e1, Anna Michal\u00edkov\u00e1, Jozef Dreve\u0148\u00e1k ml., Jozef Dreve\u0148\u00e1k st., Blanka Balogov\u00e1, Katka Bystr\u00e1, Irena Pokutov\u00e1, Emil Pokuta, B\u00e9la Pokuta and others.<\/p>\n<p><iframe loading=\"lazy\" src=\"https:\/\/player.vimeo.com\/video\/230634666?byline=0\" width=\"640\" height=\"360\" frameborder=\"0\" allowfullscreen=\"allowfullscreen\" data-mce-fragment=\"1\"><\/iframe><\/p>\n<p>It arose as a part of ethnomusicological research of ancient Roma\u00a0songs which was carried out in the Slovak Academy of Sciences by Jana\u00a0Beli\u0161ov\u00e1. In a mosaic-like way it traces the way the original Roma<br \/>\nmusic in Roma communities transport to the next generation or also how\u00a0it ceases to exist under the influence of social changes. Three\u00a0stories of children from Roma communities serve as certain interludes<br \/>\nconsisting of materials gained during research trips. It is a film on\u00a0Roma music and full of Roma music.<\/p>\n<p>Producer: Jana Beli\u0161ov\u00e1<br \/>\nProduced by: \u017dUDRO<\/p>\n<p>71 min, language slovak and Roma, with ENG or SK subtitles<br \/>\nsound 5.1, image 2K, 25fps, from 12 years<\/p>\n<p>\u00a9 \u017dUDRO, \u00daHV SAV, RTVS 2017<\/p>\n<p>Year of production: 2017<br \/>\nYear of local\u00a0premiere: October 6th, 2017<br \/>\nThe realization of this film was financially supported by the <a href=\"http:\/\/www.avf.sk\">Slovak Audiovisual Fund<\/a>.<br \/>\nThis project\u00a0was realised thanks to financial support of the Slovak Research and Development Agency.<\/p>\n<p><span style=\"font-weight: 400;\">Film is part of an ethnomusicological project <a href=\"http:\/\/www.zudro.sk\/?page_id=1306\">\u0160ilalo pa\u0148ori \/ Studen\u00e1 vodi\u010dka<\/a>. DVD is available\u00a0<a href=\"http:\/\/www.zudro.sk\/?page_id=1306\">here<\/a>.<\/span><\/p>\n<p><img decoding=\"async\" loading=\"lazy\" class=\"alignleft size-medium wp-image-1308\" src=\"http:\/\/www.zudro.sk\/wp-content\/uploads\/2017\/10\/tazkadusa_dvd_nahlad-219x300.jpg\" alt=\"\" width=\"219\" height=\"300\" srcset=\"http:\/\/stare.zudro.sk\/wp-content\/uploads\/2017\/10\/tazkadusa_dvd_nahlad-219x300.jpg 219w, http:\/\/stare.zudro.sk\/wp-content\/uploads\/2017\/10\/tazkadusa_dvd_nahlad-768x1051.jpg 768w, http:\/\/stare.zudro.sk\/wp-content\/uploads\/2017\/10\/tazkadusa_dvd_nahlad-748x1024.jpg 748w, http:\/\/stare.zudro.sk\/wp-content\/uploads\/2017\/10\/tazkadusa_dvd_nahlad.jpg 808w\" sizes=\"(max-width: 219px) 100vw, 219px\" \/><\/p>\n","protected":false},"excerpt":{"rendered":"<p>Script, cinematography, direction: Marek \u0160ul\u00edk Theme: Marek \u0160ul\u00edk, Jana Beli\u0161ov\u00e1, Zuzana Moj\u017ei\u0161ov\u00e1 Sound mixing: Richard F\u0171lek, Martin Merc Editor: Marek \u0160ul\u00edk, Peter Kotrha Dramaturgy: Zuzana Moj\u017ei\u0161ov\u00e1 Played and sung by: Gizela \u010conkov\u00e1, Ter\u00e9zia Polho\u0161ov\u00e1, Viera Mi\u017eigarov\u00e1, Tom\u00e1\u0161 Mi\u017eigar, Adri\u00e1n Mi\u017eigar Peter Mi\u017eigar, Marko Mi\u017eigar, Tom\u00e1\u0161 Durk\u00e1\u010d, Val\u00e9ria Mi\u0161alkov\u00e1, Anna Mi\u017eigarov\u00e1, Artur Mi\u0161alko, Gust\u00e1v Dunka, Erik [&hellip;]<\/p>\n","protected":false},"author":1,"featured_media":0,"parent":335,"menu_order":2,"comment_status":"closed","ping_status":"closed","template":"","meta":[],"_links":{"self":[{"href":"http:\/\/stare.zudro.sk\/index.php?rest_route=\/wp\/v2\/pages\/1366"}],"collection":[{"href":"http:\/\/stare.zudro.sk\/index.php?rest_route=\/wp\/v2\/pages"}],"about":[{"href":"http:\/\/stare.zudro.sk\/index.php?rest_route=\/wp\/v2\/types\/page"}],"author":[{"embeddable":true,"href":"http:\/\/stare.zudro.sk\/index.php?rest_route=\/wp\/v2\/users\/1"}],"replies":[{"embeddable":true,"href":"http:\/\/stare.zudro.sk\/index.php?rest_route=%2Fwp%2Fv2%2Fcomments&post=1366"}],"version-history":[{"count":4,"href":"http:\/\/stare.zudro.sk\/index.php?rest_route=\/wp\/v2\/pages\/1366\/revisions"}],"predecessor-version":[{"id":2130,"href":"http:\/\/stare.zudro.sk\/index.php?rest_route=\/wp\/v2\/pages\/1366\/revisions\/2130"}],"up":[{"embeddable":true,"href":"http:\/\/stare.zudro.sk\/index.php?rest_route=\/wp\/v2\/pages\/335"}],"wp:attachment":[{"href":"http:\/\/stare.zudro.sk\/index.php?rest_route=%2Fwp%2Fv2%2Fmedia&parent=1366"}],"curies":[{"name":"wp","href":"https:\/\/api.w.org\/{rel}","templated":true}]}}