{"id":299,"date":"2010-12-13T01:35:34","date_gmt":"2010-12-12T23:35:34","guid":{"rendered":"http:\/\/www.zudro.sk\/?page_id=299"},"modified":"2012-04-13T00:54:54","modified_gmt":"2012-04-12T22:54:54","slug":"hoj-na-nej-na","status":"publish","type":"page","link":"http:\/\/stare.zudro.sk\/?page_id=299","title":{"rendered":"Hoj na nej na"},"content":{"rendered":"<p><strong>Hoj na nej na \u2013 <em>Phurikane gi\u013ea 2 <\/em><span style=\"font-weight: normal;\">(2005)<\/span><\/strong> nadv\u00e4zuje na\u00a0<strong>Phurikane gi\u013ea<em> \u2013 Starod\u00e1vne r\u00f3mske piesne <\/em><span style=\"font-weight: normal;\">(2002)<\/span><\/strong>. U\u017e na \u0148om sa okrem \u017ealostn\u00fdch starod\u00e1vnych r\u00f3mskych piesn\u00ed <em>halgat\u00f3<\/em> objavili aj tane\u010dn\u00e9 <em>\u010dard\u00e1\u0161e<\/em>, no album <strong><em>Hoj na nej na<\/em><\/strong> je venovan\u00fd v\u00fdlu\u010dne tane\u010dn\u00fdm pies\u0148am.<\/p>\n<p>Takmer v\u0161etky pesni\u010dky na albume patria medzi starod\u00e1vne tane\u010dn\u00e9 r\u00f3mske piesne, ktor\u00e9 R\u00f3movia naz\u00fdvaj\u00fa \u010dard\u00e1\u0161e. \u010card\u00e1\u0161e, sami osebe kr\u00e1tke, jeden a\u017e dvojslohov\u00e9 piesne, sa \u010dasto bez preru\u0161enia sp\u00e1jaj\u00fa do dlh\u0161\u00edch celkov a vytv\u00e1raj\u00fa tak jednu dlh\u00fa mel\u00f3diu. Nemen\u00ed sa t\u00f3nina, rytmus, \u0161t\u00fdl prednesu, tak\u017ee ak nepozn\u00e1me spievan\u00e9 piesne, m\u00f4\u017eeme len \u0165a\u017eko presne identifikova\u0165, kedy sa kon\u010d\u00ed jedna a za\u010d\u00edna druh\u00e1. Otextovan\u00e9 piesne sa prel\u00ednaj\u00fa s \u010das\u0165ami bez textu, spievan\u00fdmi na r\u00f4zne <strong>popevky<\/strong> <em>\u0161aj-laj-laj, naj-na-na<\/em>&#8230;<\/p>\n<p>V\u00e4\u010d\u0161ina pesni\u010diek bola, podobne ako Phurikane gi\u013ea, nahr\u00e1van\u00e1 u\u00a0spev\u00e1kov doma so v\u0161etk\u00fdm, \u010do k\u00a0tomu patr\u00ed. Pr\u00edprava k\u00e1vy v\u00a0pozad\u00ed, \u0161uchy, ruchy, \u0161epot. Vyra\u010fovali sme iba cvakanie fotoapar\u00e1tu a zvonenie mobilov.<\/p>\n<p><img decoding=\"async\" loading=\"lazy\" class=\" wp-image-254 alignleft\" style=\"margin-right: 10px;\" title=\"hojnanejna-spevnik\" src=\"http:\/\/www.zudro.sk\/wp-content\/uploads\/2010\/12\/hojnanejna-spevnik-232x300.jpg\" alt=\"\" width=\"85\" height=\"111\" srcset=\"http:\/\/stare.zudro.sk\/wp-content\/uploads\/2010\/12\/hojnanejna-spevnik-232x300.jpg 232w, http:\/\/stare.zudro.sk\/wp-content\/uploads\/2010\/12\/hojnanejna-spevnik-792x1024.jpg 792w, http:\/\/stare.zudro.sk\/wp-content\/uploads\/2010\/12\/hojnanejna-spevnik.jpg 1564w\" sizes=\"(max-width: 85px) 100vw, 85px\" \/><\/p>\n<p><strong><a href=\"http:\/\/www.zudro.sk\/?page_id=302\">Spevn\u00edk<\/a><\/strong><\/p>\n<p>&nbsp;<\/p>\n<p><strong><br \/>\n<\/strong><\/p>\n<p>&nbsp;<\/p>\n<p>&nbsp;<\/p>\n<p><img decoding=\"async\" loading=\"lazy\" class=\"alignleft  wp-image-258\" style=\"margin-right: 10px;\" title=\"hojnanejna-cd\" src=\"http:\/\/www.zudro.sk\/wp-content\/uploads\/2010\/12\/hojnanejna-cd-300x256.jpg\" alt=\"\" width=\"70\" height=\"61\" srcset=\"http:\/\/stare.zudro.sk\/wp-content\/uploads\/2010\/12\/hojnanejna-cd-300x256.jpg 300w, http:\/\/stare.zudro.sk\/wp-content\/uploads\/2010\/12\/hojnanejna-cd-1024x876.jpg 1024w, http:\/\/stare.zudro.sk\/wp-content\/uploads\/2010\/12\/hojnanejna-cd.jpg 1140w\" sizes=\"(max-width: 70px) 100vw, 70px\" \/><\/p>\n<p><strong><a href=\"http:\/\/www.zudro.sk\/?page_id=308\">CD<\/a><\/strong><\/p>\n<p>&nbsp;<\/p>\n<p>&nbsp;<\/p>\n<p><strong>K\u00fapi\u0165 diptych <em>Hoj na nej na<\/em> si m\u00f4\u017eete tuto za\u00a0<a href=\"http:\/\/www.zudro.sk\/?page_id=422\">pultom<\/a>.<\/strong><\/p>\n","protected":false},"excerpt":{"rendered":"<p>Hoj na nej na \u2013 Phurikane gi\u013ea 2 (2005) nadv\u00e4zuje na\u00a0Phurikane gi\u013ea \u2013 Starod\u00e1vne r\u00f3mske piesne (2002). U\u017e na \u0148om sa okrem \u017ealostn\u00fdch starod\u00e1vnych r\u00f3mskych piesn\u00ed halgat\u00f3 objavili aj tane\u010dn\u00e9 \u010dard\u00e1\u0161e, no album Hoj na nej na je venovan\u00fd v\u00fdlu\u010dne tane\u010dn\u00fdm pies\u0148am. Takmer v\u0161etky pesni\u010dky na albume patria medzi starod\u00e1vne tane\u010dn\u00e9 r\u00f3mske piesne, ktor\u00e9 R\u00f3movia [&hellip;]<\/p>\n","protected":false},"author":1,"featured_media":0,"parent":0,"menu_order":0,"comment_status":"open","ping_status":"open","template":"","meta":[],"_links":{"self":[{"href":"http:\/\/stare.zudro.sk\/index.php?rest_route=\/wp\/v2\/pages\/299"}],"collection":[{"href":"http:\/\/stare.zudro.sk\/index.php?rest_route=\/wp\/v2\/pages"}],"about":[{"href":"http:\/\/stare.zudro.sk\/index.php?rest_route=\/wp\/v2\/types\/page"}],"author":[{"embeddable":true,"href":"http:\/\/stare.zudro.sk\/index.php?rest_route=\/wp\/v2\/users\/1"}],"replies":[{"embeddable":true,"href":"http:\/\/stare.zudro.sk\/index.php?rest_route=%2Fwp%2Fv2%2Fcomments&post=299"}],"version-history":[{"count":18,"href":"http:\/\/stare.zudro.sk\/index.php?rest_route=\/wp\/v2\/pages\/299\/revisions"}],"predecessor-version":[{"id":311,"href":"http:\/\/stare.zudro.sk\/index.php?rest_route=\/wp\/v2\/pages\/299\/revisions\/311"}],"wp:attachment":[{"href":"http:\/\/stare.zudro.sk\/index.php?rest_route=%2Fwp%2Fv2%2Fmedia&parent=299"}],"curies":[{"name":"wp","href":"https:\/\/api.w.org\/{rel}","templated":true}]}}