{"id":320,"date":"2010-12-13T03:23:29","date_gmt":"2010-12-13T01:23:29","guid":{"rendered":"http:\/\/www.zudro.sk\/?page_id=320"},"modified":"2016-11-07T15:33:48","modified_gmt":"2016-11-07T13:33:48","slug":"karacona-gila","status":"publish","type":"page","link":"http:\/\/stare.zudro.sk\/?page_id=320","title":{"rendered":"Kara\u010do\u0148a gi\u013ea"},"content":{"rendered":"<p>V\u00a0decembri 2004 OZ \u017dudro vydalo svoje druh\u00e9 CD s\u00a0n\u00e1vom <strong>Kara\u010do\u0148a \u2013 r\u00f3mske viano\u010dn\u00e9 piesne.<\/strong> Ide o\u00a0autentick\u00e9 nahr\u00e1vky piesn\u00ed priamo v\u00a0ter\u00e9ne, niektor\u00e9 vznikli u\u017e po\u010das predch\u00e1dzaj\u00faceho projektu Phurikane gi\u013ea.<\/p>\n<p><img decoding=\"async\" loading=\"lazy\" class=\"alignleft size-medium wp-image-257\" style=\"margin-right: 10px;\" title=\"karacona\" src=\"http:\/\/www.zudro.sk\/wp-content\/uploads\/2010\/12\/karacona-300x273.jpg\" alt=\"\" width=\"119\" height=\"108\" srcset=\"http:\/\/stare.zudro.sk\/wp-content\/uploads\/2010\/12\/karacona-300x273.jpg 300w, http:\/\/stare.zudro.sk\/wp-content\/uploads\/2010\/12\/karacona-1024x932.jpg 1024w, http:\/\/stare.zudro.sk\/wp-content\/uploads\/2010\/12\/karacona.jpg 1104w\" sizes=\"(max-width: 119px) 100vw, 119px\" \/><\/p>\n<p>Materi\u00e1l na\u00a0CD je vz\u00e1cny a\u00a0ojedinel\u00fd. R\u00f3mskych piesn\u00ed s\u00a0tematikou Vianoc nie je ve\u013ea, stretli sme sa dokonca s\u00a0n\u00e1zorom, \u017ee v\u00f4bec neexistuj\u00fa. CD Kara\u010do\u0148a je d\u00f4kazom, \u017ee tento n\u00e1zor nie je pravdiv\u00fd. Hoci boli R\u00f3movia ovplyvnen\u00ed slovensk\u00fdmi \u013eudov\u00fdmi koledami a\u00a0n\u00e1bo\u017eensk\u00fdmi viano\u010dn\u00fdmi pies\u0148ami, tvorili a\u00a0dodnes tvoria svoje vlastn\u00e9 piesne.<\/p>\n<p><strong><a href=\"http:\/\/www.zudro.sk\/?page_id=323\">CD Kara\u010do\u0148a gi\u013ea<\/a><\/strong><\/p>\n<p>&nbsp;<\/p>\n<p><strong>CD Kara\u010do\u0148a gi\u013ea je vypredan\u00e9. V pr\u00edpade z\u00e1ujmu V\u00e1m vieme poskytn\u00fa\u0165 elektronick\u00fa verziu, ak n\u00e1s budete kontaktova\u0165 na <\/strong><strong>zudro(zavin\u00e1\u010d)zudro.sk.\u00a0\u00a0<\/strong><\/p>\n","protected":false},"excerpt":{"rendered":"<p>V\u00a0decembri 2004 OZ \u017dudro vydalo svoje druh\u00e9 CD s\u00a0n\u00e1vom Kara\u010do\u0148a \u2013 r\u00f3mske viano\u010dn\u00e9 piesne. Ide o\u00a0autentick\u00e9 nahr\u00e1vky piesn\u00ed priamo v\u00a0ter\u00e9ne, niektor\u00e9 vznikli u\u017e po\u010das predch\u00e1dzaj\u00faceho projektu Phurikane gi\u013ea. Materi\u00e1l na\u00a0CD je vz\u00e1cny a\u00a0ojedinel\u00fd. R\u00f3mskych piesn\u00ed s\u00a0tematikou Vianoc nie je ve\u013ea, stretli sme sa dokonca s\u00a0n\u00e1zorom, \u017ee v\u00f4bec neexistuj\u00fa. CD Kara\u010do\u0148a je d\u00f4kazom, \u017ee tento n\u00e1zor [&hellip;]<\/p>\n","protected":false},"author":1,"featured_media":0,"parent":0,"menu_order":0,"comment_status":"open","ping_status":"open","template":"","meta":[],"_links":{"self":[{"href":"http:\/\/stare.zudro.sk\/index.php?rest_route=\/wp\/v2\/pages\/320"}],"collection":[{"href":"http:\/\/stare.zudro.sk\/index.php?rest_route=\/wp\/v2\/pages"}],"about":[{"href":"http:\/\/stare.zudro.sk\/index.php?rest_route=\/wp\/v2\/types\/page"}],"author":[{"embeddable":true,"href":"http:\/\/stare.zudro.sk\/index.php?rest_route=\/wp\/v2\/users\/1"}],"replies":[{"embeddable":true,"href":"http:\/\/stare.zudro.sk\/index.php?rest_route=%2Fwp%2Fv2%2Fcomments&post=320"}],"version-history":[{"count":6,"href":"http:\/\/stare.zudro.sk\/index.php?rest_route=\/wp\/v2\/pages\/320\/revisions"}],"predecessor-version":[{"id":1210,"href":"http:\/\/stare.zudro.sk\/index.php?rest_route=\/wp\/v2\/pages\/320\/revisions\/1210"}],"wp:attachment":[{"href":"http:\/\/stare.zudro.sk\/index.php?rest_route=%2Fwp%2Fv2%2Fmedia&parent=320"}],"curies":[{"name":"wp","href":"https:\/\/api.w.org\/{rel}","templated":true}]}}