{"id":422,"date":"2011-03-09T00:06:21","date_gmt":"2011-03-08T22:06:21","guid":{"rendered":"http:\/\/www.zudro.sk\/?page_id=422"},"modified":"2021-03-26T10:15:17","modified_gmt":"2021-03-26T08:15:17","slug":"cennik","status":"publish","type":"page","link":"http:\/\/stare.zudro.sk\/?page_id=422","title":{"rendered":"Pult"},"content":{"rendered":"<h2><span class=\"Apple-style-span\" style=\"font-size: 13px; font-weight: normal;\">Publik\u00e1cie a CD nosi\u010de OZ \u017dudro si m\u00f4\u017eete objedna\u0165 na adrese zudro(zavin\u00e1\u010d)zudro.sk.<br \/>K cene titulov sa pripo\u010d\u00edta baln\u00e9 a po\u0161tovn\u00e9 pod\u013ea v\u00e1hy z\u00e1sielky.<br \/><\/span><\/h2>\n<p><strong><a href=\"http:\/\/www.zudro.sk\/?page_id=1306\">\u0160ilalo pa\u0148ori<\/a> \/ monografia a pies\u0148ov\u00e1 zbierka \/ 15 \u20ac<\/strong><\/p>\n<p><strong><a href=\"http:\/\/www.zudro.sk\/?page_id=1306\">\u0164a\u017ek\u00e1 du\u0161a<\/a> \/ DVD \/ 7 \u20ac<\/strong><\/p>\n<p><strong><a href=\"http:\/\/www.zudro.sk\/?page_id=1306\">Za r\u00f3mskym \u013eudom<\/a> \/ kniha \/ 8 \u20ac<\/strong><\/p>\n<p><strong><a href=\"http:\/\/www.zudro.sk\/?page_id=1306\">\u0160ilalo pa\u0148ori<\/a> \/ 3 DVD \/ 15 \u20ac<\/strong><\/p>\n<p><strong><a href=\"http:\/\/www.zudro.sk\/?page_id=1306\">\u0160ilalo pa\u0148ori \/ Studen\u00e1 vodi\u010dka<\/a>:\u00a0V\u00fdsledky etnomuzikologick\u00e9ho v\u00fdskumu \/ zv\u00fdhodnen\u00fd bal\u00ed\u010dek \u0161tyroch vy\u0161\u0161ie uveden\u00fdch titulov \/ 38 \u20ac<\/strong><\/p>\n<p><strong><a href=\"http:\/\/www.zudro.sk\/?page_id=1183\">\u0160un, Devla, \u0161un tu man<\/a> \/ Po\u010d\u00favaj ma, Bo\u017ee, po\u010d\u00favaj\u00a0\/ monografia \u2013 pies\u0148ov\u00e1 zbierka a CD\u00a0\/ 10 \u20ac<\/strong><\/p>\n<p><strong><a href=\"http:\/\/www.zudro.sk\/?page_id=1192\">O\u00a0Del d\u017eivel. Boh \u017eije. Kres\u0165ansk\u00e9 piesne R\u00f3mov na Slovensku<\/a>\u00a0\/ vedeck\u00e1 publik\u00e1cia\u00a0\/ 7 \u20ac<\/strong><\/p>\n<p><strong><a title=\"Ba\u0161av, more, ba\u0161av\" href=\"http:\/\/www.zudro.sk\/?page_id=1010\">Ba\u0161av, more, ba\u0161av<\/a> \/ Zahraj, chlap\u010de, zahraj. O pies\u0148ach slovensk\u00fdch R\u00f3mov \/ odborn\u00e1 monografia\u00a0\u00a0\/ 9 \u20ac<\/strong><\/p>\n<p><strong><a title=\"Neve gi\u013ea \/ Nov\u00e9 r\u00f3mske piesne\" href=\"http:\/\/www.zudro.sk\/?page_id=758\">Neve gi\u013ea<\/a>\u00a0<strong>\/<\/strong> Nov\u00e9 r\u00f3mske piesne \/ Zborn\u00edk piesn\u00ed + <strong>DVD<\/strong>\u00a0\/ 13 \u20ac<\/strong><\/p>\n<p><strong><a title=\"Neve gi\u013ea \/ Nov\u00e9 r\u00f3mske piesne\" href=\"http:\/\/www.zudro.sk\/?page_id=758\">Neve gi\u013ea<\/a>\u00a0<strong>\/<\/strong> Nov\u00e9 r\u00f3mske piesne \/ DVD \/ 7 \u20ac<\/strong><\/p>\n<p><strong><a title=\"afterPhurikane\" href=\"http:\/\/www.zudro.sk\/?page_id=426\">afterPhurikane<\/a>\u00a0\/\u00a0Starod\u00e1vne r\u00f3mske piesne inak \/ CD + DVD Cigarety a pesni\u010dky \/ 15 \/\u00a0VYPREDAN\u00c9<br \/><\/strong><i>* CD dostupn\u00e9 v elektronickej verzii ako MP3, cena 7 \u20ac<\/i><\/p>\n<p><strong><span style=\"color: #ff69b4;\"><strong><a href=\"http:\/\/www.zudro.sk\/?page_id=433\">Phurikane gi\u013ea<\/a> <\/strong><\/span>\/ Starod\u00e1vne r\u00f3mske piesne \/ CD \/ 7<strong> \u20ac<\/strong><\/strong><\/p>\n<p><strong><span style=\"color: #ff69b4;\"><a href=\"http:\/\/www.zudro.sk\/?page_id=433\">Phurikane gi\u013ea<\/a> <\/span>\/ Starod\u00e1vne r\u00f3mske piesne \/ Zborn\u00edk piesn\u00ed \/ 7 \u20ac\u00a0\/\u00a0VYPREDAN\u00c9<br \/><\/strong><em>* dostupn\u00e9 v elektronickej verzii, cena 5 \u20ac<\/em><\/p>\n<p><strong><span style=\"color: #ff69b4;\"><a href=\"http:\/\/www.zudro.sk\/?page_id=433\">Phurikane gi\u013ea<\/a> <\/span>\/ Ancient Roma Songs \/ Kniha <\/strong><strong>\/ 7\u00a0\u20ac\u00a0<\/strong><em><br \/><\/em><em>* u\u017e len v anglicko-r\u00f3mskej verzii<\/em><\/p>\n<p><strong><span style=\"color: #ff69b4;\"><a href=\"http:\/\/www.zudro.sk\/?page_id=443\">Hoj na nej na. Phurikane gi\u013ea 2<\/a> <\/span>\/ Spevn\u00edk \/ 7\u00a0\u20ac\u00a0<\/strong><\/p>\n<p><strong><span style=\"color: #ff69b4;\"><a href=\"http:\/\/www.zudro.sk\/?page_id=443\">Hoj na nej na. Phurikane gi\u013ea 2<\/a><\/span> \/ CD \/ 7\u00a0\u20ac\u00a0<\/strong><\/p>\n<p><strong><span style=\"color: #ff69b4;\"><a href=\"http:\/\/www.zudro.sk\/?page_id=447\">Odi ka\u013ei ma\u010dkica. \u010cierna ma\u010di\u010dka<\/a> <\/span>\/ R\u00f3mske piesne pre deti \/ Spevn\u00edk a CD\u00a0\/ 7 \u20ac \/\u00a0VYPREDAN\u00c9<br \/><\/strong><em>*\u00a0spevn\u00edk a mp3 dostupn\u00e9 v elektronickej verzii, cena 4 \u20ac <\/em><\/p>\n<p><strong><span style=\"color: #ff69b4;\"><a href=\"http:\/\/www.zudro.sk\/?page_id=452\">Kara\u010do\u0148a<\/a> <\/span>\/ R\u00f3mske viano\u010dn\u00e9 piesne \/ CD \/ 7\u00a0\u20ac \/\u00a0VYPREDAN\u00c9<br \/><\/strong><em>* CD dostupn\u00e9 v elektronickej verzii ako MP3, cena 5 \u20ac\u00a0<\/em><\/p>\n\n\n<p><\/p>\n","protected":false},"excerpt":{"rendered":"<p>Publik\u00e1cie a CD nosi\u010de OZ \u017dudro si m\u00f4\u017eete objedna\u0165 na adrese zudro(zavin\u00e1\u010d)zudro.sk.K cene titulov sa pripo\u010d\u00edta baln\u00e9 a po\u0161tovn\u00e9 pod\u013ea v\u00e1hy z\u00e1sielky. \u0160ilalo pa\u0148ori \/ monografia a pies\u0148ov\u00e1 zbierka \/ 15 \u20ac \u0164a\u017ek\u00e1 du\u0161a \/ DVD \/ 7 \u20ac Za r\u00f3mskym \u013eudom \/ kniha \/ 8 \u20ac \u0160ilalo pa\u0148ori \/ 3 DVD \/ 15 \u20ac [&hellip;]<\/p>\n","protected":false},"author":1,"featured_media":0,"parent":0,"menu_order":0,"comment_status":"closed","ping_status":"closed","template":"","meta":[],"_links":{"self":[{"href":"http:\/\/stare.zudro.sk\/index.php?rest_route=\/wp\/v2\/pages\/422"}],"collection":[{"href":"http:\/\/stare.zudro.sk\/index.php?rest_route=\/wp\/v2\/pages"}],"about":[{"href":"http:\/\/stare.zudro.sk\/index.php?rest_route=\/wp\/v2\/types\/page"}],"author":[{"embeddable":true,"href":"http:\/\/stare.zudro.sk\/index.php?rest_route=\/wp\/v2\/users\/1"}],"replies":[{"embeddable":true,"href":"http:\/\/stare.zudro.sk\/index.php?rest_route=%2Fwp%2Fv2%2Fcomments&post=422"}],"version-history":[{"count":38,"href":"http:\/\/stare.zudro.sk\/index.php?rest_route=\/wp\/v2\/pages\/422\/revisions"}],"predecessor-version":[{"id":1790,"href":"http:\/\/stare.zudro.sk\/index.php?rest_route=\/wp\/v2\/pages\/422\/revisions\/1790"}],"wp:attachment":[{"href":"http:\/\/stare.zudro.sk\/index.php?rest_route=%2Fwp%2Fv2%2Fmedia&parent=422"}],"curies":[{"name":"wp","href":"https:\/\/api.w.org\/{rel}","templated":true}]}}