{"id":459,"date":"2011-04-07T13:23:25","date_gmt":"2011-04-07T11:23:25","guid":{"rendered":"http:\/\/www.zudro.sk\/?page_id=459"},"modified":"2012-04-13T01:05:49","modified_gmt":"2012-04-12T23:05:49","slug":"afterphurikane-2","status":"publish","type":"page","link":"http:\/\/stare.zudro.sk\/?page_id=459","title":{"rendered":"afterPhurikane"},"content":{"rendered":"<p><img decoding=\"async\" loading=\"lazy\" class=\"size-full wp-image-576 alignnone\" title=\"afterPhurikane \" src=\"http:\/\/www.zudro.sk\/wp-content\/uploads\/2011\/04\/Screen-shot-2011-08-03-at-12.39.31-AM.png\" alt=\"\" width=\"305\" height=\"182\" srcset=\"http:\/\/stare.zudro.sk\/wp-content\/uploads\/2011\/04\/Screen-shot-2011-08-03-at-12.39.31-AM.png 849w, http:\/\/stare.zudro.sk\/wp-content\/uploads\/2011\/04\/Screen-shot-2011-08-03-at-12.39.31-AM-300x178.png 300w\" sizes=\"(max-width: 305px) 100vw, 305px\" \/><\/p>\n<p>Hoci jednotliv\u00ed \u010dlenovia hudobn\u00e9ho zoskupenia <strong>afterPhurikane (Starod\u00e1vne r\u00f3mske piesne inak) <\/strong>\u017eij\u00fa ka\u017ed\u00fd inde a \u00faplne odli\u0161n\u00fdm sp\u00f4sobom \u017eivota, hudba, ktor\u00fa spolu vytv\u00e1raj\u00fa, d\u00fdcha zjednoten\u00edm a harm\u00f3niou. Nikto sa nikomu neprisp\u00f4sobuje, nikto nikoho nepotl\u00e1\u010da. Pritom <strong>hraj\u00fa a spievaj\u00fa jednu spolo\u010dn\u00fa hudbu. \u0160iesti ne\u0161kolen\u00ed r\u00f3mski spev\u00e1ci, dvaja profesion\u00e1lni hudobn\u00edci a jeden africk\u00fd perkusionista.<\/strong><\/p>\n<p><img decoding=\"async\" loading=\"lazy\" class=\"alignleft size-full wp-image-573\" title=\"afterPhurikane ansambl\" src=\"http:\/\/www.zudro.sk\/wp-content\/uploads\/2011\/04\/Screen-shot-2011-08-03-at-12.35.32-AM.png\" alt=\"\" width=\"199\" height=\"237\" \/><\/p>\n<p>\u010cesk\u00fd hudobn\u00fd kritik <strong>Petr Dor\u016f\u017eka <\/strong>o afterPhurikane nap\u00edsal: <em>\u201eK\u00fdm r\u00f3mska hudba sa \u010dasto st\u00e1va predmetom rutinn\u00fdch, komer\u010dne \u00faspe\u0161n\u00fdch f\u00fazi\u00ed, autori tohto projektu sa vybrali nevychodenou cestou. Niektor\u00e9 skladby maj\u00fa charakter int\u00edmnej v\u00fdpovede, in\u00e9 s\u00fa komorn\u00fdmi dial\u00f3gmi medzi hlasmi\u00a0<\/em><em>a n\u00e1strojmi, ktor\u00e9 sa aj v dne\u0161nom ve\u013emi \u010dlenitom hudobnom svete stret\u00e1vaj\u00fa len vz\u00e1cne.\u201c<\/em><\/p>\n<p>Koncerty afterPhurikane vzbudzuj\u00fa nad\u0161en\u00fa odozvu aj u chladn\u00e9ho publika. Svojich fan\u00fa\u0161ikov si z\u00edskali vo viacer\u00fdch mest\u00e1ch na Slovensku, v \u010cesku, v Luxembursku i v Belgicku.<\/p>\n<p><strong>Projekt bol nominovan\u00fd na <a href=\"http:\/\/kultura.sme.sk\/c\/5676730\/nominacie-na-udalost-roka-v-kulture.html\">hudobn\u00fa udalos\u0165 roka 2010<\/a> na Slovensku a umiestnil sa ako druh\u00fd.<\/strong><\/p>\n<p>&nbsp;<\/p>\n<p><img decoding=\"async\" loading=\"lazy\" class=\"alignleft size-full wp-image-419\" style=\"margin-right: 10px;\" title=\"afterPhurikane\" src=\"http:\/\/www.zudro.sk\/wp-content\/uploads\/2011\/02\/afph.jpg\" alt=\"\" width=\"144\" height=\"125\" srcset=\"http:\/\/stare.zudro.sk\/wp-content\/uploads\/2011\/02\/afph.jpg 1112w, http:\/\/stare.zudro.sk\/wp-content\/uploads\/2011\/02\/afph-300x260.jpg 300w, http:\/\/stare.zudro.sk\/wp-content\/uploads\/2011\/02\/afph-1024x887.jpg 1024w\" sizes=\"(max-width: 144px) 100vw, 144px\" \/>S\u00fa\u010das\u0165ou projektu je aj dokument\u00e1rny film <strong><a href=\"http:\/\/www.zudro.sk\/?page_id=335\">Cigarety a pesni\u010dky<\/a><\/strong>, ktor\u00fd zaznamen\u00e1v\u00e1 t\u00fd\u017edenn\u00e9 stretnutie spev\u00e1kov a hudobn\u00edkov, ktor\u00ed sa stretli v auguste 2009 v evanjelickom kostole vo Ve\u013ekom Slavkove, aby spolu nahrali CD afterPhurikane.<\/p>\n<p>Bli\u017e\u0161ie inform\u00e1cie o CD &amp; DVD afterPhurikane n\u00e1jdete <a href=\"http:\/\/www.zudro.sk\/?page_id=426\">tuto<\/a>.<\/p>\n<p>&nbsp;<\/p>\n<p>&nbsp;<\/p>\n<p><strong>Z hist\u00f3rie<\/strong><\/p>\n<p>Neby\u0165 <strong>etnomuzikologick\u00e9ho projektu Phurikane gi\u013ea<\/strong>, mnoh\u00ed \u010dlenovia afterPhurikane by sa neboli asi nikdy v \u017eivote stretli. Jana Beli\u0161ov\u00e1, autorka obidvoch projektov dlh\u00e9 roky nahr\u00e1vala v r\u00f3mskych osad\u00e1ch na Slovensku star\u00e9 cliv\u00e9 piesne, ktor\u00e9 u\u017e mlad\u00e1 gener\u00e1cia nepozn\u00e1. Popri pesni\u010dkov\u00fdch klenotoch objavila aj klenoty spev\u00e1cke. Ich kr\u00e1sa oslovila nielen ju, ale aj nieko\u013ek\u00fdch profesion\u00e1lnych hudobn\u00edkov. A tak sa stretli \u013eudia a hudba r\u00f4znych kult\u00far v multietnickom a multi\u017e\u00e1nrovom dial\u00f3gu.<\/p>\n<p>&nbsp;<\/p>\n<p style=\"text-align: center;\"><a href=\"http:\/\/www.zudro.sk\/wp-content\/uploads\/2011\/04\/afterPhurikane_ponukac_SK2.pdf\">ponukov\u00fd list &#8211; v PDF<\/a><\/p>\n","protected":false},"excerpt":{"rendered":"<p>Hoci jednotliv\u00ed \u010dlenovia hudobn\u00e9ho zoskupenia afterPhurikane (Starod\u00e1vne r\u00f3mske piesne inak) \u017eij\u00fa ka\u017ed\u00fd inde a \u00faplne odli\u0161n\u00fdm sp\u00f4sobom \u017eivota, hudba, ktor\u00fa spolu vytv\u00e1raj\u00fa, d\u00fdcha zjednoten\u00edm a harm\u00f3niou. Nikto sa nikomu neprisp\u00f4sobuje, nikto nikoho nepotl\u00e1\u010da. Pritom hraj\u00fa a spievaj\u00fa jednu spolo\u010dn\u00fa hudbu. \u0160iesti ne\u0161kolen\u00ed r\u00f3mski spev\u00e1ci, dvaja profesion\u00e1lni hudobn\u00edci a jeden africk\u00fd perkusionista. \u010cesk\u00fd hudobn\u00fd kritik Petr [&hellip;]<\/p>\n","protected":false},"author":1,"featured_media":0,"parent":0,"menu_order":0,"comment_status":"open","ping_status":"open","template":"","meta":[],"_links":{"self":[{"href":"http:\/\/stare.zudro.sk\/index.php?rest_route=\/wp\/v2\/pages\/459"}],"collection":[{"href":"http:\/\/stare.zudro.sk\/index.php?rest_route=\/wp\/v2\/pages"}],"about":[{"href":"http:\/\/stare.zudro.sk\/index.php?rest_route=\/wp\/v2\/types\/page"}],"author":[{"embeddable":true,"href":"http:\/\/stare.zudro.sk\/index.php?rest_route=\/wp\/v2\/users\/1"}],"replies":[{"embeddable":true,"href":"http:\/\/stare.zudro.sk\/index.php?rest_route=%2Fwp%2Fv2%2Fcomments&post=459"}],"version-history":[{"count":31,"href":"http:\/\/stare.zudro.sk\/index.php?rest_route=\/wp\/v2\/pages\/459\/revisions"}],"predecessor-version":[{"id":792,"href":"http:\/\/stare.zudro.sk\/index.php?rest_route=\/wp\/v2\/pages\/459\/revisions\/792"}],"wp:attachment":[{"href":"http:\/\/stare.zudro.sk\/index.php?rest_route=%2Fwp%2Fv2%2Fmedia&parent=459"}],"curies":[{"name":"wp","href":"https:\/\/api.w.org\/{rel}","templated":true}]}}