{"id":787,"date":"2012-04-13T01:02:21","date_gmt":"2012-04-12T23:02:21","guid":{"rendered":"http:\/\/www.zudro.sk\/?page_id=787"},"modified":"2012-04-13T01:04:17","modified_gmt":"2012-04-12T23:04:17","slug":"odi-kali-mackica","status":"publish","type":"page","link":"http:\/\/stare.zudro.sk\/?page_id=787","title":{"rendered":"Odi ka\u013ei ma\u010dkica"},"content":{"rendered":"<h3><strong>Odi ka\u013ei ma\u010dkica \/ \u010cierna ma\u010di\u010dka<\/strong><\/h3>\n<p><strong>R\u00f3mske piesne pre deti<\/strong><\/p>\n<p>Spevn\u00edk a CD<\/p>\n<p><img decoding=\"async\" loading=\"lazy\" title=\"Odi kali mackica-spevnik\" src=\"http:\/\/www.zudro.sk\/wp-content\/uploads\/2010\/12\/Odi-kali-mackica-spevnik-300x233.png\" alt=\"\" width=\"180\" height=\"140\" \/>\u00a0 \u00a0 \u00a0<img decoding=\"async\" loading=\"lazy\" title=\"odi-kali-mackica\" src=\"http:\/\/www.zudro.sk\/wp-content\/uploads\/2010\/12\/odi-kali-mackica-300x296.jpg\" alt=\"\" width=\"126\" height=\"125\" \/><\/p>\n<p>Spevn\u00edk obsahuje 23 \u013eudov\u00fdch r\u00f3mskych piesn\u00ed v jednoduchej \u00faprave pre klav\u00edr, je ilustrovan\u00fd farebn\u00fdmi obr\u00e1zkami, ktor\u00e9 nama\u013eovali r\u00f3mske deti a doplnen\u00fd. Piesne zo spevn\u00edka s\u00fa naspievan\u00e9 r\u00f3mskymi de\u0165mi na CD nosi\u010di, ktor\u00fd je s\u00fa\u010das\u0165ou multipacku.<\/p>\n<p>&nbsp;<\/p>\n<p><strong>K\u00fapi\u0165 diptych <em>Odi ka\u013ei ma\u010dkica<\/em> si m\u00f4\u017eete tuto za\u00a0<a href=\"http:\/\/www.zudro.sk\/?page_id=422\">pultom<\/a>.<\/strong><\/p>\n","protected":false},"excerpt":{"rendered":"<p>Odi ka\u013ei ma\u010dkica \/ \u010cierna ma\u010di\u010dka R\u00f3mske piesne pre deti Spevn\u00edk a CD \u00a0 \u00a0 \u00a0 Spevn\u00edk obsahuje 23 \u013eudov\u00fdch r\u00f3mskych piesn\u00ed v jednoduchej \u00faprave pre klav\u00edr, je ilustrovan\u00fd farebn\u00fdmi obr\u00e1zkami, ktor\u00e9 nama\u013eovali r\u00f3mske deti a doplnen\u00fd. Piesne zo spevn\u00edka s\u00fa naspievan\u00e9 r\u00f3mskymi de\u0165mi na CD nosi\u010di, ktor\u00fd je s\u00fa\u010das\u0165ou multipacku. &nbsp; K\u00fapi\u0165 diptych Odi [&hellip;]<\/p>\n","protected":false},"author":1,"featured_media":0,"parent":0,"menu_order":0,"comment_status":"open","ping_status":"open","template":"","meta":[],"_links":{"self":[{"href":"http:\/\/stare.zudro.sk\/index.php?rest_route=\/wp\/v2\/pages\/787"}],"collection":[{"href":"http:\/\/stare.zudro.sk\/index.php?rest_route=\/wp\/v2\/pages"}],"about":[{"href":"http:\/\/stare.zudro.sk\/index.php?rest_route=\/wp\/v2\/types\/page"}],"author":[{"embeddable":true,"href":"http:\/\/stare.zudro.sk\/index.php?rest_route=\/wp\/v2\/users\/1"}],"replies":[{"embeddable":true,"href":"http:\/\/stare.zudro.sk\/index.php?rest_route=%2Fwp%2Fv2%2Fcomments&post=787"}],"version-history":[{"count":2,"href":"http:\/\/stare.zudro.sk\/index.php?rest_route=\/wp\/v2\/pages\/787\/revisions"}],"predecessor-version":[{"id":790,"href":"http:\/\/stare.zudro.sk\/index.php?rest_route=\/wp\/v2\/pages\/787\/revisions\/790"}],"wp:attachment":[{"href":"http:\/\/stare.zudro.sk\/index.php?rest_route=%2Fwp%2Fv2%2Fmedia&parent=787"}],"curies":[{"name":"wp","href":"https:\/\/api.w.org\/{rel}","templated":true}]}}